{"id":10,"date":"2023-07-26T16:24:50","date_gmt":"2023-07-26T14:24:50","guid":{"rendered":"https:\/\/bdi.uni-obuda.hu\/aki\/?page_id=10"},"modified":"2026-04-02T18:06:22","modified_gmt":"2026-04-02T16:06:22","slug":"fooldal","status":"publish","type":"page","link":"https:\/\/bdi.uni-obuda.hu\/aki\/","title":{"rendered":"C\u00edmlap"},"content":{"rendered":"\n<p>K\u00f6sz\u00f6ntj\u00fck az \u00d3budai Egyetemen m\u0171k\u00f6d\u0151 Afrika Kutat\u00f3int\u00e9zet honlapj\u00e1n. Kutat\u00f3hely\u00fcnk 2019-ben alakult az egyetem keretein bel\u00fcl.<\/p>\n\n\n\n<p>Alapvet\u0151 kutat\u00e1si ter\u00fclet\u00fcnk az afrikai t\u00e9rs\u00e9g, ahol kiemelten biztons\u00e1gtudom\u00e1nyi tudom\u00e1ny\u00e1gban v\u00e9gezz\u00fck tev\u00e9kenys\u00e9g\u00fcnket, egy olyan interdiszciplin\u00e1ris tudom\u00e1nyter\u00fcleten, mely az egyik legfrissebb tudom\u00e1ny\u00e1g a hazai \u00e9s a nemzetk\u00f6zi tudom\u00e1nyos \u00e9letben.<\/p>\n\n\n\n<p>C\u00e9lunk az afrikai kontinens ir\u00e1nt \u00e9rdekl\u0151d\u0151 hazai \u00e9s k\u00fclf\u00f6ldi kutat\u00f3k sz\u00e1m\u00e1ra k\u00e9pz\u00e9si \u00e9s kutat\u00e1si lehet\u0151s\u00e9get biztos\u00edtani egy olyan szakmai \u00e9s kutat\u00f3i k\u00f6zegben, mely haz\u00e1nkban \u00e9s nemzetk\u00f6zi szinten is bevezeti a kutat\u00f3kat az afrikanisztika vil\u00e1g\u00e1ba.<\/p>\n\n\n\n<p>2021 szeptember\u00e9t\u0151l elindult az \u00d3budai Egyetemen a Humanit\u00e1rius M\u0171veletek Menedzseri k\u00e9pz\u00e9s az Afrika Kutat\u00f3int\u00e9zet akt\u00edv r\u00e9szv\u00e9tel\u00e9vel, kutat\u00f3inak bevon\u00e1s\u00e1val.<\/p>\n\n\n\n<p>A k\u00e9pz\u00e9sr\u0151l b\u0151vebben:<\/p>\n\n\n\n<p><a href=\"https:\/\/bgk.uni-obuda.hu\/humanitarian-response-manager\/\">https:\/\/bgk.uni-obuda.hu\/humanitarian-response-manager\/<\/a><\/p>\n\n\n\n<p>Az Afrika Kutat\u00f3int\u00e9zet fontos feladat\u00e1nak tartja, hogy a fiatalokban felkeltse az \u00e9rdekl\u0151d\u00e9st az afrikai t\u00e9rs\u00e9gben v\u00e9gezhet\u0151 tudom\u00e1nyos tev\u00e9kenys\u00e9gek \u00e9s kutat\u00e1si ter\u00fcletek bemutat\u00e1s\u00e1val, ez\u00e9rt az int\u00e9zet munkat\u00e1rsai alap- \u00e9s k\u00f6z\u00e9pfok\u00fa Afrika-ismereti k\u00e9pz\u00e9seket is tartanak civil szervezetek \u00e9s oktat\u00e1si int\u00e9zm\u00e9nyek bevon\u00e1s\u00e1val az eg\u00e9sz orsz\u00e1g ter\u00fclet\u00e9n.<\/p>\n","protected":false},"excerpt":{"rendered":"<p>K\u00f6sz\u00f6ntj\u00fck az \u00d3budai Egyetemen m\u0171k\u00f6d\u0151 Afrika Kutat\u00f3int\u00e9zet honlapj\u00e1n. Kutat\u00f3hely\u00fcnk 2019-ben alakult az egyetem keretein bel\u00fcl. Alapvet\u0151 kutat\u00e1si ter\u00fclet\u00fcnk az afrikai t\u00e9rs\u00e9g, ahol kiemelten biztons\u00e1gtudom\u00e1nyi tudom\u00e1ny\u00e1gban v\u00e9gezz\u00fck tev\u00e9kenys\u00e9g\u00fcnket, egy olyan interdiszciplin\u00e1ris tudom\u00e1nyter\u00fcleten, mely az egyik legfrissebb tudom\u00e1ny\u00e1g a hazai \u00e9s a nemzetk\u00f6zi tudom\u00e1nyos \u00e9letben. C\u00e9lunk az afrikai kontinens ir\u00e1nt \u00e9rdekl\u0151d\u0151 hazai \u00e9s k\u00fclf\u00f6ldi kutat\u00f3k sz\u00e1m\u00e1ra k\u00e9pz\u00e9si [&hellip;]<\/p>\n","protected":false},"author":1,"featured_media":0,"parent":0,"menu_order":0,"comment_status":"closed","ping_status":"closed","template":"","meta":{"ub_ctt_via":""},"featured_image_src":null,"_links":{"self":[{"href":"https:\/\/bdi.uni-obuda.hu\/aki\/wp-json\/wp\/v2\/pages\/10"}],"collection":[{"href":"https:\/\/bdi.uni-obuda.hu\/aki\/wp-json\/wp\/v2\/pages"}],"about":[{"href":"https:\/\/bdi.uni-obuda.hu\/aki\/wp-json\/wp\/v2\/types\/page"}],"author":[{"embeddable":true,"href":"https:\/\/bdi.uni-obuda.hu\/aki\/wp-json\/wp\/v2\/users\/1"}],"replies":[{"embeddable":true,"href":"https:\/\/bdi.uni-obuda.hu\/aki\/wp-json\/wp\/v2\/comments?post=10"}],"version-history":[{"count":5,"href":"https:\/\/bdi.uni-obuda.hu\/aki\/wp-json\/wp\/v2\/pages\/10\/revisions"}],"predecessor-version":[{"id":2538,"href":"https:\/\/bdi.uni-obuda.hu\/aki\/wp-json\/wp\/v2\/pages\/10\/revisions\/2538"}],"wp:attachment":[{"href":"https:\/\/bdi.uni-obuda.hu\/aki\/wp-json\/wp\/v2\/media?parent=10"}],"curies":[{"name":"wp","href":"https:\/\/api.w.org\/{rel}","templated":true}]}}