{"id":17,"date":"2023-07-26T16:29:24","date_gmt":"2023-07-26T16:29:24","guid":{"rendered":"https:\/\/bdi.uni-obuda.hu\/aki\/?page_id=17"},"modified":"2026-04-02T18:11:51","modified_gmt":"2026-04-02T16:11:51","slug":"a-kutatohely-mukodese","status":"publish","type":"page","link":"https:\/\/bdi.uni-obuda.hu\/aki\/a-kutatohely-mukodese\/","title":{"rendered":"A kutat\u00f3hely m\u0171k\u00f6d\u00e9se"},"content":{"rendered":"\n<p><strong>Az Afrika <\/strong><strong>Kutat\u00f3int\u00e9zet<\/strong> egy olyan akad\u00e9miai kutat\u00f3int\u00e9zet, amely az \u00d3budai Egyetem keretein bel\u00fcl szakir\u00e1ny\u00fa k\u00e9pz\u00e9si programot ny\u00fajt nem csak az \u00d3budai Egyetem, de m\u00e1s fels\u0151oktat\u00e1si int\u00e9zm\u00e9nyek hallgat\u00f3inak, doktoranduszainak is.<\/p>\n\n\n\n<p><strong>A kutat\u00e1sok c\u00e9lter\u00fclete<\/strong> az afrikai kontinens eg\u00e9sze (Magreb-r\u00e9gi\u00f3 \u00e9s Egyiptom; Szahara, szubszaharai Afrika \u2013 Nyugat-, K\u00f6z\u00e9p-, Kelet- \u00e9s D\u00e9l-Afrika).<\/p>\n\n\n\n<p>Az Afrika Kutat\u00f3int\u00e9zetet <strong>2019-ben az \u00d3budai Egyetemen bel\u00fcl<\/strong> hozta l\u00e9tre a doktori iskola vezet\u00e9se. Kib\u0151v\u00edt\u00e9se, nemzetk\u00f6ziv\u00e9 t\u00e9tele folyamatban van.<\/p>\n\n\n\n<p>Az \u00d3budai Egyetem Biztons\u00e1gtudom\u00e1nyi Doktori Iskol\u00e1t h\u00e9t \u00e9vvel kor\u00e1bban, 2012-ben hozt\u00e1k l\u00e9tre az al\u00e1bbi tev\u00e9kenys\u00e9gekre val\u00f3 jogosults\u00e1ggal \u2013 \u00e9s az Afrika Kutat\u00f3int\u00e9zet kutat\u00e1sai ter\u00fcletei els\u0151sorban (de nem kiz\u00e1r\u00f3lagosan) ezekre a szakter\u00fcletekre \u00f6sszpontos\u00edtanak:<\/p>\n\n\n\n<ul>\n<li>biztons\u00e1gtechnika;<\/li>\n\n\n\n<li>l\u00e9tfontoss\u00e1g\u00fa rendszerek biztons\u00e1ga;<\/li>\n\n\n\n<li>energiabiztons\u00e1g;<\/li>\n\n\n\n<li>iparbiztons\u00e1g;<\/li>\n\n\n\n<li>\u00e9p\u00edtett k\u00f6rnyezetbiztons\u00e1g;<\/li>\n\n\n\n<li>technol\u00f3giabiztons\u00e1g;<\/li>\n\n\n\n<li>kiberbiztons\u00e1g;<\/li>\n\n\n\n<li>inform\u00e1ci\u00f3biztons\u00e1g;<\/li>\n\n\n\n<li>gazdas\u00e1gbiztons\u00e1g;<\/li>\n\n\n\n<li>p\u00e9nz\u00fcgyi biztons\u00e1g;<\/li>\n\n\n\n<li>k\u00f6zleked\u00e9sbiztons\u00e1g;<\/li>\n\n\n\n<li>\u00e9lelmiszerbiztons\u00e1g;<\/li>\n\n\n\n<li>v\u00edzbiztons\u00e1g;<\/li>\n\n\n\n<li>szem\u00e9lybiztons\u00e1g;<\/li>\n\n\n\n<li>biztons\u00e1gpolitika;<\/li>\n\n\n\n<li>kritikus infrastrukt\u00fara.<\/li>\n<\/ul>\n\n\n\n<p>2021 \u00f3ta a Kutat\u00f3int\u00e9zet akt\u00edv r\u00e9szv\u00e9tel\u00e9vel, kutat\u00f3inak bevon\u00e1s\u00e1val m\u0171k\u00f6dik a Humanit\u00e1rius M\u0171veleti Menedzser k\u00e9pz\u00e9s.<\/p>\n\n\n\n<p>A kutat\u00f3k\u00f6zpont c\u00e9lja a magyar Afrika-kutat\u00e1sba val\u00f3 bekapcsol\u00f3d\u00e1s, akt\u00edv kapcsolatok \u00e9s egy\u00fcttm\u0171k\u00f6d\u00e9sek l\u00e9trehoz\u00e1sa hazai \u00e9s nemzetk\u00f6zi szinten kutat\u00e1sok, di\u00e1kcsere-programok, k\u00f6z\u00f6s p\u00e1ly\u00e1zatok megval\u00f3s\u00edt\u00e1s\u00e1val. Az int\u00e9zm\u00e9ny kiemelt c\u00e9lja az afrikai kutat\u00f3int\u00e9zetekkel \u00e9s egyetemekkel val\u00f3 intenz\u00edv kapcsolat\u00e9p\u00edt\u00e9s.<\/p>\n\n\n\n<p>Az Afrika Kutat\u00f3int\u00e9zet fontos feladat\u00e1nak tartja, hogy a fiatalokban felkeltse az \u00e9rdekl\u0151d\u00e9st az afrikai t\u00e9rs\u00e9gben v\u00e9gezhet\u0151 tudom\u00e1nyos tev\u00e9kenys\u00e9gek \u00e9s kutat\u00e1si ter\u00fcletek bemutat\u00e1s\u00e1val, ez\u00e9rt az int\u00e9zet munkat\u00e1rsai alap- \u00e9s k\u00f6z\u00e9pfok\u00fa Afrika-ismereti k\u00e9pz\u00e9seket is tartanak civil szervezetek \u00e9s oktat\u00e1si int\u00e9zm\u00e9nyek bevon\u00e1s\u00e1val az eg\u00e9sz orsz\u00e1g ter\u00fclet\u00e9n.<\/p>\n","protected":false},"excerpt":{"rendered":"<p>Az Afrika Kutat\u00f3int\u00e9zet egy olyan akad\u00e9miai kutat\u00f3int\u00e9zet, amely az \u00d3budai Egyetem keretein bel\u00fcl szakir\u00e1ny\u00fa k\u00e9pz\u00e9si programot ny\u00fajt nem csak az \u00d3budai Egyetem, de m\u00e1s fels\u0151oktat\u00e1si int\u00e9zm\u00e9nyek hallgat\u00f3inak, doktoranduszainak is. A kutat\u00e1sok c\u00e9lter\u00fclete az afrikai kontinens eg\u00e9sze (Magreb-r\u00e9gi\u00f3 \u00e9s Egyiptom; Szahara, szubszaharai Afrika \u2013 Nyugat-, K\u00f6z\u00e9p-, Kelet- \u00e9s D\u00e9l-Afrika). Az Afrika Kutat\u00f3int\u00e9zetet 2019-ben az \u00d3budai Egyetemen [&hellip;]<\/p>\n","protected":false},"author":1,"featured_media":0,"parent":0,"menu_order":0,"comment_status":"closed","ping_status":"closed","template":"","meta":{"ub_ctt_via":""},"featured_image_src":null,"_links":{"self":[{"href":"https:\/\/bdi.uni-obuda.hu\/aki\/wp-json\/wp\/v2\/pages\/17"}],"collection":[{"href":"https:\/\/bdi.uni-obuda.hu\/aki\/wp-json\/wp\/v2\/pages"}],"about":[{"href":"https:\/\/bdi.uni-obuda.hu\/aki\/wp-json\/wp\/v2\/types\/page"}],"author":[{"embeddable":true,"href":"https:\/\/bdi.uni-obuda.hu\/aki\/wp-json\/wp\/v2\/users\/1"}],"replies":[{"embeddable":true,"href":"https:\/\/bdi.uni-obuda.hu\/aki\/wp-json\/wp\/v2\/comments?post=17"}],"version-history":[{"count":4,"href":"https:\/\/bdi.uni-obuda.hu\/aki\/wp-json\/wp\/v2\/pages\/17\/revisions"}],"predecessor-version":[{"id":2541,"href":"https:\/\/bdi.uni-obuda.hu\/aki\/wp-json\/wp\/v2\/pages\/17\/revisions\/2541"}],"wp:attachment":[{"href":"https:\/\/bdi.uni-obuda.hu\/aki\/wp-json\/wp\/v2\/media?parent=17"}],"curies":[{"name":"wp","href":"https:\/\/api.w.org\/{rel}","templated":true}]}}