{"id":19,"date":"2023-07-26T16:30:14","date_gmt":"2023-07-26T16:30:14","guid":{"rendered":"https:\/\/bdi.uni-obuda.hu\/aki\/?page_id=19"},"modified":"2023-07-26T16:30:14","modified_gmt":"2023-07-26T16:30:14","slug":"a-kutatohely-szakmai-programja","status":"publish","type":"page","link":"https:\/\/bdi.uni-obuda.hu\/aki\/a-kutatohely-szakmai-programja\/","title":{"rendered":"A kutat\u00f3hely szakmai programja"},"content":{"rendered":"\n<p><strong>A kutat\u00f3hely c\u00e9lja<\/strong> <strong>a magyar migr\u00e1ci\u00f3s \u00e9s fejleszt\u00e9spolitika priorit\u00e1saival \u00f6sszhangban:<\/strong><\/p>\n\n\n\n<ul>\n<li><strong>a t\u00e9rs\u00e9gre vonatkoz\u00f3 nemzetk\u00f6zi \u00f6sszehasonl\u00edt\u00e1sban is versenyk\u00e9pes kutat\u00f3munka;<\/strong><\/li>\n\n\n\n<li><strong>posztgradu\u00e1lis interdiszciplin\u00e1ris szakemberk\u00e9pz\u00e9s;<\/strong><\/li>\n\n\n\n<li><strong>szeml\u00e9letform\u00e1l\u00e1s \u00e9s gyakorlati ismeretek \u00e1tad\u00e1sa.<\/strong><\/li>\n<\/ul>\n\n\n\n<p>A magyar korm\u00e1ny olyan \u00faj kih\u00edv\u00e1sokkal szembes\u00fcl a migr\u00e1ci\u00f3 kapcs\u00e1n, mint p\u00e9ld\u00e1ul a fejleszt\u00e9spolitika \u00e9s a migr\u00e1ci\u00f3 \u00f6sszef\u00fcgg\u00e9seinek al\u00e1t\u00e1maszt\u00e1sa, a kl\u00edmav\u00e1ltoz\u00e1s hat\u00e1sainak felt\u00e9rk\u00e9pez\u00e9se, a civiliz\u00e1ci\u00f3s \u00e9s vall\u00e1sk\u00f6zi konfliktusok \u00e9rtelmez\u00e9se, strat\u00e9giai partners\u00e9g kialak\u00edt\u00e1sa, k\u00e9toldal\u00fa gazdas\u00e1gi kapcsolatok \u00e9s gazdas\u00e1gi egy\u00fcttm\u0171k\u00f6d\u00e9sek er\u0151s\u00edt\u00e9se \u00e9s fenntart\u00e1sa, a fejleszt\u00e9sek t\u00e1mogat\u00e1sa, az eur\u00f3pai <em>think tank<\/em>ek \u00e9s akad\u00e9miai (egyetemi) k\u00f6r\u00f6k megsz\u00f3l\u00edt\u00e1sa, int\u00e9zm\u00e9ny\u00fcnk ezekre a k\u00e9rd\u00e9sekre adja meg a v\u00e1laszokat.<\/p>\n\n\n\n<p><strong>A kutat\u00e1sok c\u00e9lter\u00fclete<\/strong> az afrikai kontinens eg\u00e9sze (Magreb-r\u00e9gi\u00f3 \u00e9s Egyiptom; Szahara, szubszaharai Afrika \u2013 Nyugat-, K\u00f6z\u00e9p-, Kelet- \u00e9s D\u00e9l-Afrika).<\/p>\n\n\n\n<p><strong>A kutat\u00f3hely\/int\u00e9zet tev\u00e9kenys\u00e9gi k\u00f6rei:<\/strong><\/p>\n\n\n\n<ul>\n<li>alaptev\u00e9kenys\u00e9gk\u00e9nt elm\u00e9leti kutat\u00e1sok, h\u00e1tt\u00e9rtanulm\u00e1nyok, t\u00e9mavizsg\u00e1latok \u00e9s (orsz\u00e1g)ismertet\u0151k k\u00e9sz\u00edt\u00e9se az egyetem \u00e9s m\u00e1s tudom\u00e1nyos m\u0171helyek, tov\u00e1bb\u00e1 (felk\u00e9r\u00e9s eset\u00e9n) korm\u00e1nyzati \u00e9s nem korm\u00e1nyzati szervek, illetve gazdas\u00e1gi szervek sz\u00e1m\u00e1ra;<\/li>\n\n\n\n<li>tudom\u00e1nyos megalapozotts\u00e1ggal elk\u00e9sz\u00edtett magyar \u00e9s angol nyelv\u0171 tanulm\u00e1nyk\u00f6tetek k\u00e9sz\u00edt\u00e9se, tematikus konferenci\u00e1k szervez\u00e9se, melyek a korm\u00e1nyzati szervezetek \u00e9s m\u00e1s oktat\u00e1si int\u00e9zm\u00e9nyek sz\u00e1m\u00e1ra is nyitottak;<\/li>\n\n\n\n<li>megjelen\u00e9s a magyar \u00e9s nemzetk\u00f6zi tudom\u00e1nyos k\u00f6z\u00e9letben, a fels\u0151oktat\u00e1sban, illetve az akad\u00e9miai kutat\u00e1sokban: a publik\u00e1ci\u00f3k k\u00e9sz\u00edt\u00e9s\u00e9vel, kiad\u00e1s\u00e1val, k\u00f6z\u00f6s p\u00e1ly\u00e1zatok megval\u00f3s\u00edt\u00e1s\u00e1val; szoros kapcsolattart\u00e1s a k\u00fclf\u00f6ldi tudom\u00e1nyos szervezetekkel.<\/li>\n<\/ul>\n\n\n\n<p><strong>A kutat\u00f3int\u00e9zet hat alappill\u00e9re:<\/strong><\/p>\n\n\n\n<ol>\n<li>Politika (konfliktusok, befoly\u00e1si \u00f6vezetek), t\u00f6rt\u00e9nelem (premodern kor, modernit\u00e1s \u2013 gyarmatos\u00edt\u00e1s: \u00e9rdekszf\u00e9r\u00e1k, befoly\u00e1si \u00f6vezetek kialakul\u00e1sa, 20-21. sz\u00e1zad: \u201ef\u00fcggetlen\u201d \u00e1llamalakulatok, fegyveres konfliktusok, Magyarorsz\u00e1g (V4) gazdas\u00e1gi, katonai, politikai jelenl\u00e9te \u00e9s \u00e9rdekei)<\/li>\n\n\n\n<li>A t\u00e9rs\u00e9g gazdas\u00e1ga (r\u00e9gi\u00f3k szerint)<\/li>\n\n\n\n<li>T\u00e1rsadalomismeret (etnikai \u00e9s vall\u00e1si t\u00f6r\u00e9svonalak, t\u00e1rsadalmi strukt\u00far\u00e1k, tagol\u00f3d\u00e1s)<\/li>\n\n\n\n<li>Migr\u00e1ci\u00f3s trendek \u00e9s fejleszt\u00e9spolitika<\/li>\n\n\n\n<li>A r\u00e9gi\u00f3k kultur\u00e1lis \u00e9lete, hagyom\u00e1nyai, antropol\u00f3gi\u00e1ja<\/li>\n\n\n\n<li>Nyelvi k\u00e9pz\u00e9s \u2013 helyi nyelvek ismerete (szuah\u00e9li, arab), kult\u00farak\u00f6zi kommunik\u00e1ci\u00f3 (t\u00e1rgyal\u00e1stechnika)<\/li>\n<\/ol>\n\n\n\n<p><strong>K<\/strong><strong>utat\u00e1si<\/strong><strong> projektek<\/strong><\/p>\n\n\n\n<ul>\n<li>Geopolitikai-orsz\u00e1gismertet\u0151 projekt:\n<ul>\n<li>Maghreb-r\u00e9gi\u00f3 orsz\u00e1gai;<\/li>\n\n\n\n<li>Szubszaharai-Afrika orsz\u00e1gai\/r\u00e9gi\u00f3i.<\/li>\n<\/ul>\n<\/li>\n\n\n\n<li>Magyarorsz\u00e1g \u00e9s Afrika kapcsolatai projekt:\n<ul>\n<li>kereskedelmi, gazdas\u00e1gi, fejleszt\u00e9si, ipari, mez\u0151gazdas\u00e1gi, m\u0171szaki jelleg\u0171 kutat\u00e1sok;<\/li>\n\n\n\n<li>az afrikai migr\u00e1ci\u00f3 hat\u00e1sai Magyarorsz\u00e1gra, biztons\u00e1gpolitikai szempontok.<\/li>\n<\/ul>\n<\/li>\n\n\n\n<li>Az Afrik\u00e1ban \u00e9s Afrik\u00e1b\u00f3l t\u00f6rt\u00e9n\u0151 migr\u00e1ci\u00f3 projekt:\n<ul>\n<li>migr\u00e1ci\u00f3s kr\u00edzishelyzetek elemz\u00e9se;<\/li>\n\n\n\n<li>menek\u00fcltt\u00e1borok k\u00e9rd\u00e9se, m\u0171k\u00f6dtet\u00e9se, humanit\u00e1rius tev\u00e9kenys\u00e9gek, humanit\u00e1rius m\u0171veleti menedzsment;<\/li>\n\n\n\n<li>a migr\u00e1ci\u00f3 k\u00fcl\u00f6nb\u00f6z\u0151 form\u00e1inak, kezel\u00e9s\u00e9nek lehets\u00e9ges aspektusai;<\/li>\n\n\n\n<li>a migr\u00e1ci\u00f3 biztons\u00e1gpolitikai vet\u00fcletei.<\/li>\n<\/ul>\n<\/li>\n\n\n\n<li>Kritikus infrastrukt\u00fara v\u00e9delm\u00e9vel kapcsolatos kutat\u00e1sok, egy\u00fcttm\u0171k\u00f6d\u00e9sek Afrik\u00e1ban projekt:\n<ul>\n<li>\u00e9lelmiszer-, v\u00edzbiztons\u00e1g;<\/li>\n\n\n\n<li>mez\u0151gazdas\u00e1gi fejleszt\u00e9sek, telep\u00fcl\u00e9sfejleszt\u00e9s;<\/li>\n\n\n\n<li>m\u0171szaki h\u00e1tt\u00e9r mez\u0151gazdas\u00e1ghoz, iparhoz, eg\u00e9szs\u00e9g\u00fcgyh\u00f6z.<\/li>\n<\/ul>\n<\/li>\n\n\n\n<li>Fenntarthat\u00f3 Afrika projekt:\n<ul>\n<li>\u00e9lelmiszer-, v\u00edzbiztons\u00e1g;<\/li>\n\n\n\n<li>mez\u0151gazdas\u00e1gi fejleszt\u00e9sek, telep\u00fcl\u00e9sfejleszt\u00e9s;<\/li>\n\n\n\n<li>m\u0171szaki h\u00e1tt\u00e9r mez\u0151gazdas\u00e1ghoz, iparhoz, eg\u00e9szs\u00e9g\u00fcgyh\u00f6z.<\/li>\n<\/ul>\n<\/li>\n\n\n\n<li>Terrorizmus \u00e9s radikaliz\u00e1ci\u00f3 Afrik\u00e1ban projekt:\n<ul>\n<li>afrikai terror- \u00e9s szakad\u00e1rszervezetek mutat\u00e1sa;<\/li>\n\n\n\n<li>\u00fajfajta terrorizmusform\u00e1k elleni v\u00e9dekez\u00e9s;<\/li>\n\n\n\n<li>radikaliz\u00e1ci\u00f3 \u00e9s deradikaliz\u00e1ci\u00f3;<\/li>\n\n\n\n<li>politikai iszl\u00e1m, mint biztons\u00e1gpolitikai t\u00e9nyez\u0151 (k\u00f6zel-keleti gy\u00f6kerei \u00e9s terjed\u00e9si m\u00f3djai Afrik\u00e1ban, szunnita, s\u00edita \u00e9s t\u00f6rzsi ellent\u00e9tek v\u00e1ltoz\u00e1sai az olaj\u00e9rdekek \u00e9s fegyverkereskedelem, proxy h\u00e1bor\u00fak).<\/li>\n<\/ul>\n<\/li>\n<\/ul>\n","protected":false},"excerpt":{"rendered":"<p>A kutat\u00f3hely c\u00e9lja a magyar migr\u00e1ci\u00f3s \u00e9s fejleszt\u00e9spolitika priorit\u00e1saival \u00f6sszhangban: A magyar korm\u00e1ny olyan \u00faj kih\u00edv\u00e1sokkal szembes\u00fcl a migr\u00e1ci\u00f3 kapcs\u00e1n, mint p\u00e9ld\u00e1ul a fejleszt\u00e9spolitika \u00e9s a migr\u00e1ci\u00f3 \u00f6sszef\u00fcgg\u00e9seinek al\u00e1t\u00e1maszt\u00e1sa, a kl\u00edmav\u00e1ltoz\u00e1s hat\u00e1sainak felt\u00e9rk\u00e9pez\u00e9se, a civiliz\u00e1ci\u00f3s \u00e9s vall\u00e1sk\u00f6zi konfliktusok \u00e9rtelmez\u00e9se, strat\u00e9giai partners\u00e9g kialak\u00edt\u00e1sa, k\u00e9toldal\u00fa gazdas\u00e1gi kapcsolatok \u00e9s gazdas\u00e1gi egy\u00fcttm\u0171k\u00f6d\u00e9sek er\u0151s\u00edt\u00e9se \u00e9s fenntart\u00e1sa, a fejleszt\u00e9sek t\u00e1mogat\u00e1sa, az [&hellip;]<\/p>\n","protected":false},"author":1,"featured_media":0,"parent":0,"menu_order":0,"comment_status":"closed","ping_status":"closed","template":"","meta":{"ub_ctt_via":""},"featured_image_src":null,"_links":{"self":[{"href":"https:\/\/bdi.uni-obuda.hu\/aki\/wp-json\/wp\/v2\/pages\/19"}],"collection":[{"href":"https:\/\/bdi.uni-obuda.hu\/aki\/wp-json\/wp\/v2\/pages"}],"about":[{"href":"https:\/\/bdi.uni-obuda.hu\/aki\/wp-json\/wp\/v2\/types\/page"}],"author":[{"embeddable":true,"href":"https:\/\/bdi.uni-obuda.hu\/aki\/wp-json\/wp\/v2\/users\/1"}],"replies":[{"embeddable":true,"href":"https:\/\/bdi.uni-obuda.hu\/aki\/wp-json\/wp\/v2\/comments?post=19"}],"version-history":[{"count":1,"href":"https:\/\/bdi.uni-obuda.hu\/aki\/wp-json\/wp\/v2\/pages\/19\/revisions"}],"predecessor-version":[{"id":20,"href":"https:\/\/bdi.uni-obuda.hu\/aki\/wp-json\/wp\/v2\/pages\/19\/revisions\/20"}],"wp:attachment":[{"href":"https:\/\/bdi.uni-obuda.hu\/aki\/wp-json\/wp\/v2\/media?parent=19"}],"curies":[{"name":"wp","href":"https:\/\/api.w.org\/{rel}","templated":true}]}}