{"id":21,"date":"2023-07-26T16:30:44","date_gmt":"2023-07-26T16:30:44","guid":{"rendered":"https:\/\/bdi.uni-obuda.hu\/aki\/?page_id=21"},"modified":"2026-04-02T17:59:04","modified_gmt":"2026-04-02T15:59:04","slug":"szakmai-gyakorlat","status":"publish","type":"page","link":"https:\/\/bdi.uni-obuda.hu\/aki\/szakmai-gyakorlat\/","title":{"rendered":"Szakmai gyakorlat"},"content":{"rendered":"\n<p>Az \u00d3budai Egyetemen m\u0171k\u00f6d\u0151 Afrika Kutat\u00f3int\u00e9zet gyakornoki programot hozott l\u00e9tre, melynek keret\u00e9ben a felv\u00e9telt nyert gyakornokok r\u00e9szt vehetnek a kutat\u00f3hely tudom\u00e1nyos kutat\u00e1saiban, bekapcsol\u00f3dhatnak a kutat\u00f3k\u00f6zpont \u00e1ltal lebonyol\u00edtott konferenci\u00e1k, illetve egy\u00e9b esem\u00e9nyek szervez\u00e9s\u00e9be, tov\u00e1bb\u00e1 lehet\u0151s\u00e9g\u00fck ny\u00edlik az aktu\u00e1lis p\u00e1ly\u00e1zatokban, projektekben val\u00f3 r\u00e9szv\u00e9telre.<\/p>\n\n\n\n<p>A gyakornoki id\u0151szak alatt egy kijel\u00f6lt mentor szakmai ir\u00e1ny\u00edt\u00e1sa mellett a gyakornok egy tanulm\u00e1nyt is elk\u00e9sz\u00edt. A meg\u00edrt anyagot a szakmai lektor\u00e1l\u00e1st k\u00f6vet\u0151en, valamint megfelel\u0151 min\u0151s\u00edt\u00e9s eset\u00e9n a kutat\u00f3hely a szerz\u0151 nev\u00e9nek felt\u00fcntet\u00e9s\u00e9vel be\u00e9p\u00edti elk\u00e9sz\u00edt\u00e9s alatt \u00e1ll\u00f3 kutat\u00e1si anyag\u00e1ba, vagy lek\u00f6zl\u00e9sre javasolja a doktori iskola \u00e1ltal m\u0171k\u00f6dtetett Biztons\u00e1gtudom\u00e1nyi Szeml\u00e9ben illetve a kutat\u00f3hellyel egy\u00fcttm\u0171k\u00f6d\u0151 int\u00e9zm\u00e9nyek tudom\u00e1nyos foly\u00f3iratainak egyik\u00e9be.<\/p>\n\n\n\n<p>Szakmai gyakorlat helysz\u00edne:<br>1081 Budapest, N\u00e9psz\u00ednh\u00e1z utca 8.<\/p>\n\n\n\n<p>Szakmai gyakorlat id\u0151tartama:<br>4-6&nbsp;h\u00e9t &#8211;&nbsp;de ett\u0151l elt\u00e9r\u0151 id\u0151tartam\u00fa egy\u00fcttm\u0171k\u00f6d\u00e9sre is van lehet\u0151s\u00e9g.<\/p>\n\n\n\n<p>Jelentkez\u00e9s felt\u00e9tele \u00e9s folyamata:<br>A gyakornoki programba Afrika ir\u00e1nt \u00e9rdekl\u0151d\u0151 m\u0171szaki, informatikai egyetemi hallgat\u00f3k mellett, b\u00f6lcs\u00e9sz, t\u00e1rsadalomkutat\u00f3, illetve jog\u00e1sz hallgat\u00f3k jelentkez\u00e9s\u00e9t is v\u00e1rjuk! A programra val\u00f3 jelentkez\u00e9s \u00e9s a felv\u00e9tel elb\u00edr\u00e1l\u00e1sa folyamatos. Jelentkezni szakmai \u00f6n\u00e9letrajzzal, publik\u00e1ci\u00f3s list\u00e1val (amennyiben van) \u00e9s motiv\u00e1ci\u00f3s lev\u00e9llel lehet a <a href=\"mailto:besenyo.janos@uni-obuda.hu\">besenyo.janos@uni-obuda.hu<\/a> e-mail c\u00edmen.<\/p>\n","protected":false},"excerpt":{"rendered":"<p>Az \u00d3budai Egyetemen m\u0171k\u00f6d\u0151 Afrika Kutat\u00f3int\u00e9zet gyakornoki programot hozott l\u00e9tre, melynek keret\u00e9ben a felv\u00e9telt nyert gyakornokok r\u00e9szt vehetnek a kutat\u00f3hely tudom\u00e1nyos kutat\u00e1saiban, bekapcsol\u00f3dhatnak a kutat\u00f3k\u00f6zpont \u00e1ltal lebonyol\u00edtott konferenci\u00e1k, illetve egy\u00e9b esem\u00e9nyek szervez\u00e9s\u00e9be, tov\u00e1bb\u00e1 lehet\u0151s\u00e9g\u00fck ny\u00edlik az aktu\u00e1lis p\u00e1ly\u00e1zatokban, projektekben val\u00f3 r\u00e9szv\u00e9telre. A gyakornoki id\u0151szak alatt egy kijel\u00f6lt mentor szakmai ir\u00e1ny\u00edt\u00e1sa mellett a gyakornok egy tanulm\u00e1nyt [&hellip;]<\/p>\n","protected":false},"author":1,"featured_media":0,"parent":0,"menu_order":0,"comment_status":"closed","ping_status":"closed","template":"","meta":{"ub_ctt_via":""},"featured_image_src":null,"_links":{"self":[{"href":"https:\/\/bdi.uni-obuda.hu\/aki\/wp-json\/wp\/v2\/pages\/21"}],"collection":[{"href":"https:\/\/bdi.uni-obuda.hu\/aki\/wp-json\/wp\/v2\/pages"}],"about":[{"href":"https:\/\/bdi.uni-obuda.hu\/aki\/wp-json\/wp\/v2\/types\/page"}],"author":[{"embeddable":true,"href":"https:\/\/bdi.uni-obuda.hu\/aki\/wp-json\/wp\/v2\/users\/1"}],"replies":[{"embeddable":true,"href":"https:\/\/bdi.uni-obuda.hu\/aki\/wp-json\/wp\/v2\/comments?post=21"}],"version-history":[{"count":2,"href":"https:\/\/bdi.uni-obuda.hu\/aki\/wp-json\/wp\/v2\/pages\/21\/revisions"}],"predecessor-version":[{"id":2531,"href":"https:\/\/bdi.uni-obuda.hu\/aki\/wp-json\/wp\/v2\/pages\/21\/revisions\/2531"}],"wp:attachment":[{"href":"https:\/\/bdi.uni-obuda.hu\/aki\/wp-json\/wp\/v2\/media?parent=21"}],"curies":[{"name":"wp","href":"https:\/\/api.w.org\/{rel}","templated":true}]}}