{"id":23,"date":"2023-07-26T16:31:13","date_gmt":"2023-07-26T16:31:13","guid":{"rendered":"https:\/\/bdi.uni-obuda.hu\/aki\/?page_id=23"},"modified":"2026-02-04T23:29:01","modified_gmt":"2026-02-04T21:29:01","slug":"publikaciok","status":"publish","type":"page","link":"https:\/\/bdi.uni-obuda.hu\/aki\/publikaciok\/","title":{"rendered":"Publik\u00e1ci\u00f3k \u00e9s kiadv\u00e1nyok"},"content":{"rendered":"\n<p><strong>Journal of Central and Eastern European African Studies<\/strong><\/p>\n\n\n\n<p><a href=\"https:\/\/jceeas.bdi.uni-obuda.hu\/index.php\/jceeas\/issue\/view\/1\">JCEEAS &#8211; 1. \u00e9vfolyam 1-2. sz\u00e1m (2021)<\/a><\/p>\n\n\n\n<p><a href=\"https:\/\/jceeas.bdi.uni-obuda.hu\/index.php\/jceeas\/issue\/view\/2\">JCEEAS &#8211; 1. \u00e9vfolyam 3. sz\u00e1m (2021)<\/a><\/p>\n\n\n\n<p><a href=\"https:\/\/jceeas.bdi.uni-obuda.hu\/index.php\/jceeas\/issue\/view\/3\">JCEEAS &#8211; 1. \u00e9vfolyam 4. sz\u00e1m (2021)<\/a><\/p>\n\n\n\n<p><a href=\"https:\/\/jceeas.bdi.uni-obuda.hu\/index.php\/jceeas\/issue\/view\/4\">JCEEAS &#8211; 2. \u00e9vfolyam 1. sz\u00e1m (2022)<\/a><\/p>\n\n\n\n<p><a href=\"https:\/\/jceeas.bdi.uni-obuda.hu\/index.php\/jceeas\/issue\/view\/5\">JCEEAS &#8211; 2. \u00e9vfolyam 2. sz\u00e1m (2022)<\/a><\/p>\n\n\n\n<p><a href=\"https:\/\/jceeas.bdi.uni-obuda.hu\/index.php\/jceeas\/issue\/view\/6\">JCEEAS &#8211; 2. \u00e9vfolyam 3. sz\u00e1m (2022)<\/a><\/p>\n\n\n\n<p><a href=\"https:\/\/jceeas.bdi.uni-obuda.hu\/index.php\/jceeas\/issue\/view\/7\">JCEEAS &#8211; 2. \u00e9vfolyam 4. sz\u00e1m (2022)<\/a><\/p>\n\n\n\n<p><a href=\"https:\/\/jceeas.bdi.uni-obuda.hu\/index.php\/jceeas\/issue\/view\/8\">JCEEAS &#8211; 3. \u00e9vfolyam 1. sz\u00e1m (2023)<\/a><\/p>\n\n\n\n<p><a href=\"https:\/\/jceeas.bdi.uni-obuda.hu\/index.php\/jceeas\/issue\/view\/9\">JCEEAS &#8211; 3. \u00e9vfolyam 2. sz\u00e1m (2023)<\/a><\/p>\n\n\n\n<p><a href=\"https:\/\/jceeas.bdi.uni-obuda.hu\/index.php\/jceeas\/issue\/view\/10\">JCEEAS &#8211; 3. \u00e9vfolyam 3. sz\u00e1m (2023)<\/a><\/p>\n\n\n\n<p><a href=\"https:\/\/jceeas.bdi.uni-obuda.hu\/index.php\/jceeas\/issue\/view\/11\">JCEEAS &#8211; 3. \u00e9vfolyam 4. sz\u00e1m (2023)<\/a><\/p>\n\n\n\n<p><a href=\"https:\/\/jceeas.bdi.uni-obuda.hu\/index.php\/jceeas\/issue\/view\/12\">JCEEAS &#8211; 4. \u00e9vfolyam 1. sz\u00e1m (2024)<\/a><\/p>\n\n\n\n<p><a href=\"https:\/\/jceeas.bdi.uni-obuda.hu\/index.php\/jceeas\/issue\/view\/13\">JCEEAS &#8211; 4. \u00e9vfolyam 2. sz\u00e1m (2024)<\/a><\/p>\n\n\n\n<p><a href=\"https:\/\/jceeas.bdi.uni-obuda.hu\/index.php\/jceeas\/issue\/view\/14\">JCEEAS &#8211; 4. \u00e9vfolyam 3-4. sz\u00e1m (2024)<\/a><\/p>\n\n\n\n<p><a href=\"https:\/\/jceeas.bdi.uni-obuda.hu\/index.php\/jceeas\/issue\/view\/15\">JCEEAS &#8211; 5. \u00e9vfolyam 1. sz\u00e1m (2025)<\/a><\/p>\n\n\n\n<p><a href=\"https:\/\/jceeas.bdi.uni-obuda.hu\/index.php\/jceeas\/issue\/view\/16\">JCEEAS &#8211; 5. \u00e9vfolyam 2. sz\u00e1ma (2025)<\/a><\/p>\n\n\n\n<p><a href=\"https:\/\/jceeas.bdi.uni-obuda.hu\/index.php\/jceeas\/issue\/view\/17\">JCEEAS &#8211; 5. \u00e9vfolyam 3. sz\u00e1ma (2025)<\/a><\/p>\n\n\n\n<p><a href=\"https:\/\/jceeas.bdi.uni-obuda.hu\/index.php\/jceeas\/issue\/view\/18\">JCEEAS &#8211; 5. \u00e9vfolyam 4. sz\u00e1m (2025)<\/a><\/p>\n\n\n\n<p><strong>Egy\u00e9b publik\u00e1ci\u00f3k<\/strong><\/p>\n\n\n\n<p>Beseny\u0151, J.&nbsp;(2019):&nbsp;<em>Magyar katonai \u00e9s rend\u0151ri m\u0171veletek az afrikai kontinensen, 1989-2019.<\/em>&nbsp;Budapest: \u00d3budai Egyetem Biztons\u00e1gtudom\u00e1nyi Doktori Iskola.<\/p>\n\n\n\n<div class=\"wp-block-file\"><a id=\"wp-block-file--media-ec79d608-c48d-4e5d-a6c1-7aebf5928f9e\" href=\"https:\/\/bdi.uni-obuda.hu\/aki\/wp-content\/uploads\/2023\/08\/dr.-Besenyo-Janos-konyv_teljes_WEB-1.pdf\">dr._Besenyo_Janos_konyv_2019<\/a><a href=\"https:\/\/bdi.uni-obuda.hu\/aki\/wp-content\/uploads\/2023\/08\/dr.-Besenyo-Janos-konyv_teljes_WEB-1.pdf\" class=\"wp-block-file__button wp-element-button\" download aria-describedby=\"wp-block-file--media-ec79d608-c48d-4e5d-a6c1-7aebf5928f9e\">Let\u00f6lt\u00e9s<\/a><\/div>\n\n\n\n<p>Beseny\u0151, J. (2020): <em>Magyarorsz\u00e1g \u00e9s a nyugat-szaharai v\u00e1ls\u00e1g<\/em>. Budapest: Monarchia Kiad\u00f3 \u00e9s az \u00d3budai Egyetem, 460.<\/p>\n\n\n\n<div class=\"wp-block-file\"><a id=\"wp-block-file--media-8f6bdb04-d233-4de4-b885-6368113bbd3a\" href=\"https:\/\/bdi.uni-obuda.hu\/aki\/wp-content\/uploads\/2023\/08\/DrBesenyo_Janos_MO_es-_a_nyugat-szaharai_valsag.pdf\">dr_Besenyo_Janos_MO_NyugatSzahara_2020<\/a><a href=\"https:\/\/bdi.uni-obuda.hu\/aki\/wp-content\/uploads\/2023\/08\/DrBesenyo_Janos_MO_es-_a_nyugat-szaharai_valsag.pdf\" class=\"wp-block-file__button wp-element-button\" download aria-describedby=\"wp-block-file--media-8f6bdb04-d233-4de4-b885-6368113bbd3a\">Let\u00f6lt\u00e9s<\/a><\/div>\n\n\n\n<p>Som, K. (2021): <em>N\u00e9met gyarmatos\u00edt\u00e1s Afrik\u00e1ban 1884-1920<\/em>. Budapest: Monarchia Kiad\u00f3 \u00e9s az \u00d3budai Egyetem Biztons\u00e1gpolitikai Doktori Iskola Afrika Kutat\u00f3int\u00e9zete. <\/p>\n\n\n\n<div class=\"wp-block-file\"><a id=\"wp-block-file--media-d0f731b8-ac75-4c75-8bdb-d1d64ad6c573\" href=\"https:\/\/bdi.uni-obuda.hu\/aki\/wp-content\/uploads\/2023\/08\/Som_K_Nemet_gyarmatositas_Afrikaban_1884-1920-1.pdf\">Som_Krisztan_Nemet_gyarmatositas_Afrikaban_1884-1920<\/a><a href=\"https:\/\/bdi.uni-obuda.hu\/aki\/wp-content\/uploads\/2023\/08\/Som_K_Nemet_gyarmatositas_Afrikaban_1884-1920-1.pdf\" class=\"wp-block-file__button wp-element-button\" download aria-describedby=\"wp-block-file--media-d0f731b8-ac75-4c75-8bdb-d1d64ad6c573\">Let\u00f6lt\u00e9s<\/a><\/div>\n\n\n\n<figure class=\"wp-block-image size-large\"><img decoding=\"async\" loading=\"lazy\" width=\"1024\" height=\"752\" src=\"https:\/\/bdi.uni-obuda.hu\/aki\/wp-content\/uploads\/2023\/08\/Kepernyofoto-2023-08-21-12.20.29-1024x752.png\" alt=\"\" class=\"wp-image-909\" srcset=\"https:\/\/bdi.uni-obuda.hu\/aki\/wp-content\/uploads\/2023\/08\/Kepernyofoto-2023-08-21-12.20.29-1024x752.png 1024w, https:\/\/bdi.uni-obuda.hu\/aki\/wp-content\/uploads\/2023\/08\/Kepernyofoto-2023-08-21-12.20.29-300x220.png 300w, https:\/\/bdi.uni-obuda.hu\/aki\/wp-content\/uploads\/2023\/08\/Kepernyofoto-2023-08-21-12.20.29-768x564.png 768w, https:\/\/bdi.uni-obuda.hu\/aki\/wp-content\/uploads\/2023\/08\/Kepernyofoto-2023-08-21-12.20.29-1536x1129.png 1536w, https:\/\/bdi.uni-obuda.hu\/aki\/wp-content\/uploads\/2023\/08\/Kepernyofoto-2023-08-21-12.20.29.png 1572w\" sizes=\"(max-width: 1024px) 100vw, 1024px\" \/><\/figure>\n","protected":false},"excerpt":{"rendered":"<p>Journal of Central and Eastern European African Studies JCEEAS &#8211; 1. \u00e9vfolyam 1-2. sz\u00e1m (2021) JCEEAS &#8211; 1. \u00e9vfolyam 3. sz\u00e1m (2021) JCEEAS &#8211; 1. \u00e9vfolyam 4. sz\u00e1m (2021) JCEEAS &#8211; 2. \u00e9vfolyam 1. sz\u00e1m (2022) JCEEAS &#8211; 2. \u00e9vfolyam 2. sz\u00e1m (2022) JCEEAS &#8211; 2. \u00e9vfolyam 3. sz\u00e1m (2022) JCEEAS &#8211; 2. \u00e9vfolyam 4. [&hellip;]<\/p>\n","protected":false},"author":1,"featured_media":0,"parent":0,"menu_order":0,"comment_status":"closed","ping_status":"closed","template":"","meta":{"ub_ctt_via":""},"featured_image_src":null,"_links":{"self":[{"href":"https:\/\/bdi.uni-obuda.hu\/aki\/wp-json\/wp\/v2\/pages\/23"}],"collection":[{"href":"https:\/\/bdi.uni-obuda.hu\/aki\/wp-json\/wp\/v2\/pages"}],"about":[{"href":"https:\/\/bdi.uni-obuda.hu\/aki\/wp-json\/wp\/v2\/types\/page"}],"author":[{"embeddable":true,"href":"https:\/\/bdi.uni-obuda.hu\/aki\/wp-json\/wp\/v2\/users\/1"}],"replies":[{"embeddable":true,"href":"https:\/\/bdi.uni-obuda.hu\/aki\/wp-json\/wp\/v2\/comments?post=23"}],"version-history":[{"count":17,"href":"https:\/\/bdi.uni-obuda.hu\/aki\/wp-json\/wp\/v2\/pages\/23\/revisions"}],"predecessor-version":[{"id":2419,"href":"https:\/\/bdi.uni-obuda.hu\/aki\/wp-json\/wp\/v2\/pages\/23\/revisions\/2419"}],"wp:attachment":[{"href":"https:\/\/bdi.uni-obuda.hu\/aki\/wp-json\/wp\/v2\/media?parent=23"}],"curies":[{"name":"wp","href":"https:\/\/api.w.org\/{rel}","templated":true}]}}