{"id":258,"date":"2023-07-30T20:42:20","date_gmt":"2023-07-30T20:42:20","guid":{"rendered":"https:\/\/bdi.uni-obuda.hu\/aki\/?page_id=258"},"modified":"2026-04-02T18:17:23","modified_gmt":"2026-04-02T16:17:23","slug":"contact","status":"publish","type":"page","link":"https:\/\/bdi.uni-obuda.hu\/aki\/en\/contact\/","title":{"rendered":"Contact"},"content":{"rendered":"\n<p>Africa Research Institute<br>\u00d3buda University\u00a0\u00a0 \u00a0<\/p>\n\n\n\n<p>Address:&nbsp;&nbsp; &nbsp;Hungary 1081 Budapest, N\u00e9psz\u00ednh\u00e1z st 8. III. 316.<br>Tel:&nbsp;&nbsp; &nbsp;&nbsp;&nbsp; &nbsp;+36-20-558-5579<br>Email:&nbsp;&nbsp; &nbsp;<a href=\"mailto:besenyo.janos@uni-obuda.hu\">besenyo.janos@uni-obuda.hu<\/a>&nbsp;&nbsp; &nbsp;<\/p>\n","protected":false},"excerpt":{"rendered":"<p>Africa Research Institute\u00d3buda University\u00a0\u00a0 \u00a0 Address:&nbsp;&nbsp; &nbsp;Hungary 1081 Budapest, N\u00e9psz\u00ednh\u00e1z st 8. III. 316.Tel:&nbsp;&nbsp; &nbsp;&nbsp;&nbsp; &nbsp;+36-20-558-5579Email:&nbsp;&nbsp; &nbsp;besenyo.janos@uni-obuda.hu&nbsp;&nbsp; &nbsp;<\/p>\n","protected":false},"author":1,"featured_media":0,"parent":0,"menu_order":0,"comment_status":"closed","ping_status":"closed","template":"","meta":{"ub_ctt_via":""},"featured_image_src":null,"_links":{"self":[{"href":"https:\/\/bdi.uni-obuda.hu\/aki\/wp-json\/wp\/v2\/pages\/258"}],"collection":[{"href":"https:\/\/bdi.uni-obuda.hu\/aki\/wp-json\/wp\/v2\/pages"}],"about":[{"href":"https:\/\/bdi.uni-obuda.hu\/aki\/wp-json\/wp\/v2\/types\/page"}],"author":[{"embeddable":true,"href":"https:\/\/bdi.uni-obuda.hu\/aki\/wp-json\/wp\/v2\/users\/1"}],"replies":[{"embeddable":true,"href":"https:\/\/bdi.uni-obuda.hu\/aki\/wp-json\/wp\/v2\/comments?post=258"}],"version-history":[{"count":4,"href":"https:\/\/bdi.uni-obuda.hu\/aki\/wp-json\/wp\/v2\/pages\/258\/revisions"}],"predecessor-version":[{"id":2545,"href":"https:\/\/bdi.uni-obuda.hu\/aki\/wp-json\/wp\/v2\/pages\/258\/revisions\/2545"}],"wp:attachment":[{"href":"https:\/\/bdi.uni-obuda.hu\/aki\/wp-json\/wp\/v2\/media?parent=258"}],"curies":[{"name":"wp","href":"https:\/\/api.w.org\/{rel}","templated":true}]}}