{"id":64,"date":"2023-07-26T17:50:25","date_gmt":"2023-07-26T17:50:25","guid":{"rendered":"https:\/\/bdi.uni-obuda.hu\/aki\/?page_id=64"},"modified":"2023-08-15T14:09:36","modified_gmt":"2023-08-15T12:09:36","slug":"hirek-esemenyek","status":"publish","type":"page","link":"https:\/\/bdi.uni-obuda.hu\/aki\/hirek-esemenyek\/","title":{"rendered":"H\u00edrek &#8211; Esem\u00e9nyek"},"content":{"rendered":"\n<div class=\"wp-block-query is-layout-flow\"><ul class=\"wp-block-post-template is-layout-flow\"><li class=\"wp-block-post post-2512 post type-post status-publish format-standard has-post-thumbnail hentry category-hirek\">\n\n<div class=\"wp-block-columns alignwide is-layout-flex wp-container-2\">\n<div class=\"wp-block-column is-layout-flow\" style=\"flex-basis:100%\"><h2 class=\"wp-block-post-title\"><a href=\"https:\/\/bdi.uni-obuda.hu\/aki\/sikeresen-lezajlott-a-belgrade-security-and-intelligence-forum-ii-bsif-2026\/\" target=\"_self\" >Sikeresen lezajlott a Belgrade Security and Intelligence Forum II (BSIF 2026)<\/a><\/h2>\n\n<div class=\"wp-block-post-excerpt\"><p class=\"wp-block-post-excerpt__excerpt\">2026. m\u00e1rcius 27\u201328-\u00e1n Belgr\u00e1dban rendezt\u00e9k meg a Belgrade Security and Intelligence Forum II-t (BSIF 2026), amelyet az Institute for National and International Security (INIS) szervezett. A z\u00e1rt ajt\u00f3k m\u00f6g\u00f6tt megtartott szakmai esem\u00e9ny v\u00e1logatott biztons\u00e1gi \u00e9s h\u00edrszerz\u00e9si szak\u00e9rt\u0151k, diplomat\u00e1k, akad\u00e9mikusok, katonai \u00e9s rendv\u00e9delmi szakemberek r\u00e9szv\u00e9tel\u00e9vel zajlott. A f\u00f3rum k\u00f6zponti t\u00e9m\u00e1i k\u00f6z\u00f6tt szerepeltek a hibrid fenyeget\u00e9sek, a [&hellip;]<\/p><p class=\"wp-block-post-excerpt__more-text\"><a class=\"wp-block-post-excerpt__more-link\" href=\"https:\/\/bdi.uni-obuda.hu\/aki\/sikeresen-lezajlott-a-belgrade-security-and-intelligence-forum-ii-bsif-2026\/\">B\u0151vebben<\/a><\/p><\/div><\/div>\n<\/div>\n\n<\/li><li class=\"wp-block-post post-2496 post type-post status-publish format-standard has-post-thumbnail hentry category-hirek\">\n\n<div class=\"wp-block-columns alignwide is-layout-flex wp-container-4\">\n<div class=\"wp-block-column is-layout-flow\" style=\"flex-basis:100%\"><h2 class=\"wp-block-post-title\"><a href=\"https:\/\/bdi.uni-obuda.hu\/aki\/magyar-afrika-het-budapesten-2026-februar-16-22\/\" target=\"_self\" >Magyar-Afrika H\u00e9t Budapesten: 2026. febru\u00e1r 16-22.<\/a><\/h2>\n\n<div class=\"wp-block-post-excerpt\"><p class=\"wp-block-post-excerpt__excerpt\">Imm\u00e1r a harmadik alkalommal ker\u00fclt megrendez\u00e9sre a Magyar-Afrika H\u00e9t, amely sor\u00e1n az \u00e9rdekl\u0151d\u0151k ki\u00e1ll\u00edt\u00e1sokon, kultur\u00e1lis \u00e9s tudom\u00e1nyos rendezv\u00e9nyeken vehettek r\u00e9szt. K\u00fcl\u00f6n\u00f6sen \u00e9rdekes volt az Oktat\u00e1si nap, ahol az afrikai fels\u0151oktat\u00e1s \u00e9s a magyar fels\u0151oktat\u00e1s k\u00fcl\u00f6nb\u00f6z\u0151 szerepl\u0151i tal\u00e1lkoztak \u00e9s osztott\u00e1k meg egym\u00e1ssal \u00e9s az \u00e9rdekl\u0151d\u0151kkel a tapasztalataikat. Az el\u0151ad\u00f3k k\u00f6z\u00f6tt volt az \u00d3budai Egyetem Afrika Kutat\u00f3int\u00e9zet\u00e9nek [&hellip;]<\/p><p class=\"wp-block-post-excerpt__more-text\"><a class=\"wp-block-post-excerpt__more-link\" href=\"https:\/\/bdi.uni-obuda.hu\/aki\/magyar-afrika-het-budapesten-2026-februar-16-22\/\">B\u0151vebben<\/a><\/p><\/div><\/div>\n<\/div>\n\n<\/li><li class=\"wp-block-post post-2447 post type-post status-publish format-standard hentry category-hirek\">\n\n<div class=\"wp-block-columns alignwide is-layout-flex wp-container-6\">\n<div class=\"wp-block-column is-layout-flow\" style=\"flex-basis:100%\"><h2 class=\"wp-block-post-title\"><a href=\"https:\/\/bdi.uni-obuda.hu\/aki\/intergovernmental-blocs-in-the-21st-century-multilateralism-fragmentation-and-the-new-geopolitics-of-power-tematikus-kulonszam-a-kolumbiai-externado-egyetemmel\/\" target=\"_self\" >Intergovernmental Blocs in the 21st Century: Multilateralism, Fragmentation, and the New Geopolitics of Power\u201d &#8211; Publik\u00e1l\u00e1si lehet\u0151s\u00e9g \u00e9s egy\u00fcttm\u0171k\u00f6d\u00e9s a kolumbiai Externado Egyetemmel!<\/a><\/h2>\n\n<div class=\"wp-block-post-excerpt\"><p class=\"wp-block-post-excerpt__excerpt\">Az Afrikai Kutat\u00f3int\u00e9zet (ARI) \u00e9s a Universidad Externado de Colombia k\u00f6z\u00f6tti egy\u00fcttm\u0171k\u00f6d\u00e9s keret\u00e9ben d\u00f6nt\u00e9s sz\u00fcletett k\u00f6z\u00f6s tematikus k\u00fcl\u00f6nsz\u00e1mok megjelentet\u00e9s\u00e9r\u0151l. A publik\u00e1ci\u00f3k az ARI \u00e1ltal gondozott Journal of Central and Eastern European African Studies (JCEEAS), valamint a kolumbiai partnerint\u00e9zm\u00e9ny keret\u00e9ben m\u0171k\u00f6d\u0151, nemzetk\u00f6zileg jegyzett, lektor\u00e1lt tudom\u00e1nyos foly\u00f3irat, az Observatory for the Analysis of International Systems (OASIS) has\u00e1bjain [&hellip;]<\/p><p class=\"wp-block-post-excerpt__more-text\"><a class=\"wp-block-post-excerpt__more-link\" href=\"https:\/\/bdi.uni-obuda.hu\/aki\/intergovernmental-blocs-in-the-21st-century-multilateralism-fragmentation-and-the-new-geopolitics-of-power-tematikus-kulonszam-a-kolumbiai-externado-egyetemmel\/\">B\u0151vebben<\/a><\/p><\/div><\/div>\n<\/div>\n\n<\/li><li class=\"wp-block-post post-2426 post type-post status-publish format-standard hentry category-hirek\">\n\n<div class=\"wp-block-columns alignwide is-layout-flex wp-container-8\">\n<div class=\"wp-block-column is-layout-flow\" style=\"flex-basis:100%\"><h2 class=\"wp-block-post-title\"><a href=\"https:\/\/bdi.uni-obuda.hu\/aki\/megjelent-folyoiratunk-jceeas-legujabb-szama-2025-4\/\" target=\"_self\" >Megjelent foly\u00f3iratunk (JCEEAS) leg\u00fajabb sz\u00e1ma: 2025\/4!<\/a><\/h2>\n\n<div class=\"wp-block-post-excerpt\"><p class=\"wp-block-post-excerpt__excerpt\">Megjelent foly\u00f3iratunk, a Journal of Central and Eastern European African Studies (JCEEAS) leg\u00fajabb sz\u00e1ma. Az \u00e9vente n\u00e9gy alkalommal megjelen\u0151 periodika elektronikus v\u00e1ltozat\u00e1nak legfrissebb sz\u00e1ma az al\u00e1bbi linken \u00e9rhet\u0151 el:&nbsp;https:\/\/jceeas.bdi.uni-obuda.hu\/index.php\/jceeas\/issue\/view\/18 Az al\u00e1bbi cikkek szabadon hozz\u00e1f\u00e9rhet\u0151k az adott c\u00edmre kattintva: Venatius Azinor Ukor, Ugumanim Bassey Obo: Claude Ake &#8211; Democracy and Development in Africa: A Review and [&hellip;]<\/p><p class=\"wp-block-post-excerpt__more-text\"><a class=\"wp-block-post-excerpt__more-link\" href=\"https:\/\/bdi.uni-obuda.hu\/aki\/megjelent-folyoiratunk-jceeas-legujabb-szama-2025-4\/\">B\u0151vebben<\/a><\/p><\/div><\/div>\n<\/div>\n\n<\/li><li class=\"wp-block-post post-2395 post type-post status-publish format-standard hentry category-hirek\">\n\n<div class=\"wp-block-columns alignwide is-layout-flex wp-container-10\">\n<div class=\"wp-block-column is-layout-flow\" style=\"flex-basis:100%\"><h2 class=\"wp-block-post-title\"><a href=\"https:\/\/bdi.uni-obuda.hu\/aki\/a-vilag-kovetkezo-haboruja-afrikaban-robbanhat-ki-interju-prof-dr-besenyo-janossal\/\" target=\"_self\" >A vil\u00e1g k\u00f6vetkez\u0151 h\u00e1bor\u00faja Afrik\u00e1ban robbanhat ki! &#8211; Interj\u00fa Prof. Dr. Beseny\u0151 J\u00e1nossal<\/a><\/h2>\n\n<div class=\"wp-block-post-excerpt\"><p class=\"wp-block-post-excerpt__excerpt\">Prof. Dr. Beseny\u0151 J\u00e1nos, az \u00d3budai Egyetem Afrikai Kutat\u00f3int\u00e9zet\u00e9nek vezet\u0151je \u00e9s a d\u00e9l-afrikai Stellenbosch Egyetem vend\u00e9gprofesszora ism\u00e9t a Hit R\u00e1di\u00f3 vend\u00e9ge volt. Az \u00e9v\u00e9rt\u00e9kel\u0151 m\u0171sor keret\u00e9ben int\u00e9zet\u00fcnk vezet\u0151je r\u00e9szletesen elemezte Afrika helyzet\u00e9t az elm\u00falt \u00e9v t\u00f6rt\u00e9n\u00e9seinek f\u00e9ny\u00e9ben, legyen sz\u00f3 a gazdas\u00e1gi lehet\u0151s\u00e9gekr\u0151l, politikai kih\u00edv\u00e1sokr\u00f3l, migr\u00e1ci\u00f3r\u00f3l \u00e9s biztons\u00e1gpolitik\u00e1r\u00f3l, vagy Magyarorsz\u00e1g afrikai szerepv\u00e1llal\u00e1s\u00e1r\u00f3l. A besz\u00e9lget\u00e9s az al\u00e1bbi [&hellip;]<\/p><p class=\"wp-block-post-excerpt__more-text\"><a class=\"wp-block-post-excerpt__more-link\" href=\"https:\/\/bdi.uni-obuda.hu\/aki\/a-vilag-kovetkezo-haboruja-afrikaban-robbanhat-ki-interju-prof-dr-besenyo-janossal\/\">B\u0151vebben<\/a><\/p><\/div><\/div>\n<\/div>\n\n<\/li><li class=\"wp-block-post post-2385 post type-post status-publish format-standard hentry category-hirek\">\n\n<div class=\"wp-block-columns alignwide is-layout-flex wp-container-12\">\n<div class=\"wp-block-column is-layout-flow\" style=\"flex-basis:100%\"><h2 class=\"wp-block-post-title\"><a href=\"https:\/\/bdi.uni-obuda.hu\/aki\/nagy-bajban-afrika-itt-az-uj-isis-beszelgetes-prof-dr-besenyo-janossal\/\" target=\"_self\" >Nagy bajban Afrika: Itt az \u00faj ISIS? &#8211; Besz\u00e9lget\u00e9s Prof. Dr. Beseny\u0151 J\u00e1nossal<\/a><\/h2>\n\n<div class=\"wp-block-post-excerpt\"><p class=\"wp-block-post-excerpt__excerpt\">A Hit R\u00e1di\u00f3 vend\u00e9ge volt Prof. Dr. Beseny\u0151 J\u00e1nos, az \u00d3budai Egyetem Biztons\u00e1gtudom\u00e1nyi Doktori Iskola Afrika Kutat\u00f3int\u00e9zet\u00e9nek vezet\u0151je, egyetemi tan\u00e1r, a D\u00e9l-afrikai Stellenbosch Egyetem vend\u00e9gprofesszora. Int\u00e9zet\u00fcnk vezet\u0151je a besz\u00e9lget\u00e9sben a szud\u00e1ni polg\u00e1rh\u00e1bor\u00fa h\u00e1tter\u00e9r\u0151l, az orsz\u00e1got s\u00fajt\u00f3 humanit\u00e1rius v\u00e1ls\u00e1gr\u00f3l, valamint az RSF kegyetlens\u00e9geir\u0151l osztotta gondolatait, majd a nig\u00e9riai helyzetr\u0151l \u00e9s az amerikai beavatkoz\u00e1si sz\u00e1nd\u00e9kokr\u00f3l is r\u00e9szletesen [&hellip;]<\/p><p class=\"wp-block-post-excerpt__more-text\"><a class=\"wp-block-post-excerpt__more-link\" href=\"https:\/\/bdi.uni-obuda.hu\/aki\/nagy-bajban-afrika-itt-az-uj-isis-beszelgetes-prof-dr-besenyo-janossal\/\">B\u0151vebben<\/a><\/p><\/div><\/div>\n<\/div>\n\n<\/li><li class=\"wp-block-post post-2420 post type-post status-publish format-standard hentry category-hirek\">\n\n<div class=\"wp-block-columns alignwide is-layout-flex wp-container-14\">\n<div class=\"wp-block-column is-layout-flow\" style=\"flex-basis:100%\"><h2 class=\"wp-block-post-title\"><a href=\"https:\/\/bdi.uni-obuda.hu\/aki\/megjelent-folyoiratunk-jceeas-legujabb-szama-2025-3\/\" target=\"_self\" >Megjelent foly\u00f3iratunk (JCEEAS) leg\u00fajabb sz\u00e1ma: 2025\/3!<\/a><\/h2>\n\n<div class=\"wp-block-post-excerpt\"><p class=\"wp-block-post-excerpt__excerpt\">Megjelent foly\u00f3iratunk, a Journal of Central and Eastern European African Studies (JCEEAS) leg\u00fajabb sz\u00e1ma. Az \u00e9vente n\u00e9gy alkalommal megjelen\u0151 periodika elektronikus v\u00e1ltozat\u00e1nak legfrissebb sz\u00e1ma az al\u00e1bbi linken \u00e9rhet\u0151 el:&nbsp;https:\/\/jceeas.bdi.uni-obuda.hu\/index.php\/jceeas\/issue\/view\/17 Az al\u00e1bbi cikkek szabadon hozz\u00e1f\u00e9rhet\u0151k az adott c\u00edmre kattintva: Maur\u00edcio Waldman: Pan-Africanism : Geopolitics, Political Realism and State Governance Attila Tokai: Ogaden War as the Cornerstone [&hellip;]<\/p><p class=\"wp-block-post-excerpt__more-text\"><a class=\"wp-block-post-excerpt__more-link\" href=\"https:\/\/bdi.uni-obuda.hu\/aki\/megjelent-folyoiratunk-jceeas-legujabb-szama-2025-3\/\">B\u0151vebben<\/a><\/p><\/div><\/div>\n<\/div>\n\n<\/li><li class=\"wp-block-post post-2372 post type-post status-publish format-standard has-post-thumbnail hentry category-hirek\">\n\n<div class=\"wp-block-columns alignwide is-layout-flex wp-container-16\">\n<div class=\"wp-block-column is-layout-flow\" style=\"flex-basis:100%\"><h2 class=\"wp-block-post-title\"><a href=\"https:\/\/bdi.uni-obuda.hu\/aki\/uj-orszagismerteto-kotet-nigerrol-a-szerzok-a-terseg-regionalis-jelentoseget-elemeztek\/\" target=\"_self\" >\u00daj orsz\u00e1gismertet\u0151 k\u00f6tet Nigerr\u0151l \u2013 az Afrika Kutat\u00f3int\u00e9zet munkat\u00e1rsai a t\u00e9rs\u00e9g region\u00e1lis jelent\u0151s\u00e9g\u00e9t elemezt\u00e9k<\/a><\/h2>\n\n<div class=\"wp-block-post-excerpt\"><p class=\"wp-block-post-excerpt__excerpt\">A Hit R\u00e1di\u00f3 vend\u00e9ge volt Prof. Dr. Beseny\u0151 J\u00e1nos, az \u00d3budai Egyetem Biztons\u00e1gtudom\u00e1nyi Doktori Iskola Afrika Kutat\u00f3int\u00e9zet\u00e9nek vezet\u0151je, egyetemi tan\u00e1r, valamint Dr. Vogel D\u00e1vid, az Int\u00e9zet vezet\u0151helyettese \u00e9s kutat\u00f3ja. A besz\u00e9lget\u00e9s sor\u00e1n r\u00e1mutattak, hogy Niger \u2013 f\u00f6ldrajzi elhelyezked\u00e9s\u00e9nek \u00e9s term\u00e9szeti er\u0151forr\u00e1sainak k\u00f6sz\u00f6nhet\u0151en \u2013 kulcsszerepet j\u00e1tszik a t\u00e9rs\u00e9g biztons\u00e1gpolitikai, migr\u00e1ci\u00f3s \u00e9s gazdas\u00e1gi folyamataiban. Az orsz\u00e1g jelent\u0151s\u00e9ge [&hellip;]<\/p><p class=\"wp-block-post-excerpt__more-text\"><a class=\"wp-block-post-excerpt__more-link\" href=\"https:\/\/bdi.uni-obuda.hu\/aki\/uj-orszagismerteto-kotet-nigerrol-a-szerzok-a-terseg-regionalis-jelentoseget-elemeztek\/\">B\u0151vebben<\/a><\/p><\/div><\/div>\n<\/div>\n\n<\/li><li class=\"wp-block-post post-2344 post type-post status-publish format-standard hentry category-hirek\">\n\n<div class=\"wp-block-columns alignwide is-layout-flex wp-container-18\">\n<div class=\"wp-block-column is-layout-flow\" style=\"flex-basis:100%\"><h2 class=\"wp-block-post-title\"><a href=\"https:\/\/bdi.uni-obuda.hu\/aki\/megjelent-folyoiratunk-jceeas-legujabb-szama-2025-2\/\" target=\"_self\" >Megjelent foly\u00f3iratunk (JCEEAS) leg\u00fajabb sz\u00e1ma: 2025\/2!<\/a><\/h2>\n\n<div class=\"wp-block-post-excerpt\"><p class=\"wp-block-post-excerpt__excerpt\">Megjelent foly\u00f3iratunk, a Journal of Central and Eastern European African Studies (JCEEAS) leg\u00fajabb sz\u00e1ma. Az \u00e9vente n\u00e9gy alkalommal megjelen\u0151 periodika elektronikus v\u00e1ltozat\u00e1nak legfrissebb sz\u00e1ma az al\u00e1bbi linken \u00e9rhet\u0151 el: https:\/\/jceeas.bdi.uni-obuda.hu\/index.php\/jceeas\/issue\/view\/16 Az al\u00e1bbi cikkek szabadon hozz\u00e1f\u00e9rhet\u0151k az adott c\u00edmre kattintva: Babayo Sule, Seroala Tsoeu-Ntokoane: Economic Regionalism Reversed? France-West Africa Relationship and the Challenge of Eco-Currency Integration [&hellip;]<\/p><p class=\"wp-block-post-excerpt__more-text\"><a class=\"wp-block-post-excerpt__more-link\" href=\"https:\/\/bdi.uni-obuda.hu\/aki\/megjelent-folyoiratunk-jceeas-legujabb-szama-2025-2\/\">B\u0151vebben<\/a><\/p><\/div><\/div>\n<\/div>\n\n<\/li><li class=\"wp-block-post post-2339 post type-post status-publish format-standard hentry category-hirek\">\n\n<div class=\"wp-block-columns alignwide is-layout-flex wp-container-20\">\n<div class=\"wp-block-column is-layout-flow\" style=\"flex-basis:100%\"><h2 class=\"wp-block-post-title\"><a href=\"https:\/\/bdi.uni-obuda.hu\/aki\/dr-kanizsay-endre-nekrologja\/\" target=\"_self\" >Dr. Kanizsay Endre nekrol\u00f3gja<\/a><\/h2>\n\n<div class=\"wp-block-post-excerpt\"><p class=\"wp-block-post-excerpt__excerpt\">M\u00e9ly f\u00e1jdalommal tudatjuk, hogy Dr. Kanizsay Endre c\u00edmzetes egyetemi tan\u00e1r, a mez\u0151gazdas\u00e1gi k\u00f6zgazdas\u00e1gtan \u00e9s nemzetk\u00f6zi fejleszt\u00e9s kiemelked\u0151 magyar tud\u00f3sa, 2025. augusztus 10-\u00e9n elhunyt. Kanizsay tan\u00e1r \u00far \u00e9let\u00e9t a tudom\u00e1nyos munka, a nemzetk\u00f6zi egy\u00fcttm\u0171k\u00f6d\u00e9s \u00e9s az afrikai, valamint a k\u00f6zel-keleti mez\u0151gazdas\u00e1gi fejleszt\u00e9s ir\u00e1nti elk\u00f6telezetts\u00e9g hat\u00e1rozta meg. P\u00e1ly\u00e1ja sor\u00e1n t\u00f6bb mint tizen\u00f6t orsz\u00e1gban v\u00e9gzett kutat\u00e1st \u00e9s tan\u00e1csad\u00f3i [&hellip;]<\/p><p class=\"wp-block-post-excerpt__more-text\"><a class=\"wp-block-post-excerpt__more-link\" href=\"https:\/\/bdi.uni-obuda.hu\/aki\/dr-kanizsay-endre-nekrologja\/\">B\u0151vebben<\/a><\/p><\/div><\/div>\n<\/div>\n\n<\/li><\/ul>\n\n<nav class=\"wp-block-query-pagination is-layout-flex\" aria-label=\"Lapoz\u00e1s\">\n\n\n<div class=\"wp-block-query-pagination-numbers\"><span aria-current=\"page\" class=\"page-numbers current\">1<\/span>\n<a class=\"page-numbers\" href=\"?query-12-page=2\">2<\/a>\n<a class=\"page-numbers\" href=\"?query-12-page=3\">3<\/a>\n<span class=\"page-numbers dots\">&hellip;<\/span>\n<a class=\"page-numbers\" href=\"?query-12-page=9\">9<\/a><\/div>\n\n<a href=\"\/aki\/wp-json\/wp\/v2\/pages\/64?query-12-page=2\" class=\"wp-block-query-pagination-next\">K\u00f6vetkez\u0151 oldal<\/a>\n<\/nav><\/div>\n","protected":false},"excerpt":{"rendered":"","protected":false},"author":1,"featured_media":0,"parent":0,"menu_order":0,"comment_status":"closed","ping_status":"closed","template":"","meta":{"ub_ctt_via":""},"featured_image_src":null,"_links":{"self":[{"href":"https:\/\/bdi.uni-obuda.hu\/aki\/wp-json\/wp\/v2\/pages\/64"}],"collection":[{"href":"https:\/\/bdi.uni-obuda.hu\/aki\/wp-json\/wp\/v2\/pages"}],"about":[{"href":"https:\/\/bdi.uni-obuda.hu\/aki\/wp-json\/wp\/v2\/types\/page"}],"author":[{"embeddable":true,"href":"https:\/\/bdi.uni-obuda.hu\/aki\/wp-json\/wp\/v2\/users\/1"}],"replies":[{"embeddable":true,"href":"https:\/\/bdi.uni-obuda.hu\/aki\/wp-json\/wp\/v2\/comments?post=64"}],"version-history":[{"count":2,"href":"https:\/\/bdi.uni-obuda.hu\/aki\/wp-json\/wp\/v2\/pages\/64\/revisions"}],"predecessor-version":[{"id":399,"href":"https:\/\/bdi.uni-obuda.hu\/aki\/wp-json\/wp\/v2\/pages\/64\/revisions\/399"}],"wp:attachment":[{"href":"https:\/\/bdi.uni-obuda.hu\/aki\/wp-json\/wp\/v2\/media?parent=64"}],"curies":[{"name":"wp","href":"https:\/\/api.w.org\/{rel}","templated":true}]}}